{"id":3444,"date":"2020-01-17T15:05:22","date_gmt":"2020-01-17T15:05:22","guid":{"rendered":"http:\/\/www.henne-unimog.de\/?page_id=3444"},"modified":"2021-04-08T18:03:21","modified_gmt":"2021-04-08T18:03:21","slug":"home","status":"publish","type":"page","link":"https:\/\/www.henne-unimog.de\/en\/","title":{"rendered":"Home"},"content":{"rendered":"<div class=\"wpb-content-wrapper\"><p>[vc_row full_width=&#8221;stretch_row&#8221; el_class=&#8221;home-tabs&#8221;][vc_column]\n        \n        <div class=\"ws-info-carousel\" style=\"display:none\">\n            <div class=\"container px-2 p-xl-0 owl-carousel info-owl-carousel\">\n\n                                    <div class=\"ws-info-item  current \" data-index=\"1\">\n                        <strong>HENNE<\/strong> | Unternehmen                    <\/div>\n                                        <div class=\"ws-info-item  \" data-index=\"2\">\n                        <strong>HENNE<\/strong> | Gebrauchtb\u00f6rse                    <\/div>\n                                        <div class=\"ws-info-item  \" data-index=\"3\">\n                        <strong>HENNE<\/strong> | Ersatzteile &amp; Zubeh\u00f6r                    <\/div>\n                                        <div class=\"ws-info-item  \" data-index=\"4\">\n                        <strong>HENNE<\/strong> | Karriere                    <\/div>\n                                <\/div>\n\n            <div class=\"info-content container px-2 p-xl-0\">\n                <a href=\"javascript:void(0)\" class=\"customPrevBtn\"><\/a>\n                <a href=\"javascript:void(0)\" class=\"customNextBtn\"><\/a>\n                \n     \t    <div id=\"tab2-unternehmen-575\" class=\"tab-pane2 fade2 tab22-1\"  >\n     \t    \t[ws_title_with_subtitle title=&#8221;UNIMOG, BAUMASCHINEN &amp; NUTZFAHRZEUGTECHNIK&#8221; subtitle=&#8221;Kompetent, unabh\u00e4ngig und flexibel&#8221; margin_bottom=&#8221;24&#8243;][vc_row_inner][vc_column_inner width=&#8221;1\/2&#8243;][vc_column_text]We support you with individual solutions for your everyday work &#8211; whether on the road, in the field, on the construction site or at another location. As a successful <a href=\"https:\/\/www.henne-unimog.de\/geschaftsbereiche\/unimog\/\">Mercedes-Benz Unimog General Representative<\/a> and one of the leading suppliers of <a href=\"https:\/\/www.henne-unimog.de\/geschaftsbereiche\/baumaschinen\/\">JCB construction machinery<\/a> as well as state-of-the-art municipal <a href=\"https:\/\/www.henne-unimog.de\/geschaftsbereiche\/fahrzeuge\/\">&amp; commercial vehicle technology,<\/a>we offer you the right vehicle or machine for almost every application.[\/vc_column_text][\/vc_column_inner][vc_column_inner width=&#8221;1\/2&#8243;][vc_column_text]With a total of <a href=\"https:\/\/www.henne-unimog.de\/standorte-ansprechpartner\/\">six companies in Germany,<\/a> our area of care includes large parts of Bavaria, Saxony, Saxony-Anhalt and Brandenburg. At the locations Heimstetten (Munich), Wiedemar (Leipzig), Kesselsdorf (Dresden), Martinsrieth, Nuremberg and Wurmannsquick we are your contact in terms of consulting, sales, rental solutions as well as <a href=\"https:\/\/www.henne-unimog.de\/geschaftsbereiche\/service\/\">service,<\/a> <a href=\"https:\/\/www.henne-unimog.de\/geschaftsbereiche\/ersatzteile-zubehoer\/\">repair and spare parts.<\/a>[\/vc_column_text][\/vc_column_inner][\/vc_row_inner][ws_button button_text=&#8221;Erfahren Sie mehr&#8221; button_link=&#8221;https:\/\/www.henne-unimog.de\/ueber-henne\/&#8221;]     \t    <\/div>\n\n        \n     \t    <div id=\"tab2-gebrauchtborse-598\" class=\"tab-pane2 fade2 tab22-2\"  style=\"display:none\" >\n     \t    \t[ws_title_with_subtitle title=&#8221;HENNE GEBRAUCHTB\u00d6RSE&#8221; subtitle=&#8221;Unimog, Baumaschinen &amp; Nutzfahrzeugtechnik&#8221; margin_bottom=&#8221;24&#8243;][vc_row_inner][vc_column_inner width=&#8221;1\/2&#8243;][vc_column_text]Our <strong>UnimogGebrauchtCenter<\/strong> constantly has a versatile stock of attractive used ones. From the historic <a href=\"https:\/\/henne-unimog.de\/sales\/henne-fahrzeugsuche-unimog.html\">Unimog<\/a> to <a href=\"https:\/\/henne-unimog.de\/sales\/henne-fahrzeugsuche-baumaschinen.html\">used construction machines<\/a> or the most diverse <a href=\"https:\/\/henne-unimog.de\/sales\/henne-fahrzeugsuche-an-und-aufbaugeraete.html\">assembly equipment<\/a> to the <a href=\"https:\/\/henne-unimog.de\/sales\/henne-fahrzeugsuche-gebrauchtfahrzeuge.html\">new implement carrier<\/a>, we have almost everything in our portfolio.[\/vc_column_text][\/vc_column_inner][vc_column_inner width=&#8221;1\/2&#8243;][vc_column_text]Quality is also very important to us in our used vehicles, machines and attachments. Therefore, all our used goods are carefully reviewed and checked before sale.[\/vc_column_text][\/vc_column_inner][\/vc_row_inner][ws_button button_text=&#8221;Gebrauchtb\u00f6rse&#8221; button_link=&#8221;https:\/\/www.henne-unimog.de\/sales\/henne-fahrzeugsuche-trapo-nfz.html&#8221;]     \t    <\/div>\n\n        \n     \t    <div id=\"tab2-ersatzteile-zubehor-236\" class=\"tab-pane2 fade2 tab22-3\"  style=\"display:none\" >\n     \t    \t[ws_title_with_subtitle title=&#8221;ERSATZTEILE &amp; ZUBEH\u00d6R&#8221; subtitle=&#8221;Schnell, flexibel, unkompliziert&#8221; margin_bottom=&#8221;24&#8243;][vc_row_inner][vc_column_inner width=&#8221;1\/2&#8243;][vc_column_text]Whether <a href=\"https:\/\/www.henne-unimog.de\/geschaftsbereiche\/unimog\/\">Mercedes-Benz Unimog<\/a>, <a href=\"https:\/\/www.henne-unimog.de\/geschaftsbereiche\/baumaschinen\/\">JCB construction machines<\/a> or one of our other products \u2013 we are your partner for original parts as well as replica solutions. We are happy to support you on site, by phone or online.[\/vc_column_text][\/vc_column_inner][vc_column_inner width=&#8221;1\/2&#8243;][vc_column_text]With the parts professionals from Henne, you have contact persons at <a href=\"https:\/\/www.henne-unimog.de\/standorte-ansprechpartner\/\">seven locations in Germany<\/a>who offer you tailor-made solutions for all your spare parts needs. An efficient logistics system ensures fast availability of the parts from our entire product range.[\/vc_column_text][\/vc_column_inner][\/vc_row_inner][ws_button button_text=&#8221;Erfahren Sie mehr&#8221; button_link=&#8221;https:\/\/www.henne-unimog.de\/geschaftsbereiche\/ersatzteile-zubehoer\/&#8221;]     \t    <\/div>\n\n        \n     \t    <div id=\"tab2-karriere-916\" class=\"tab-pane2 fade2 tab22-4\"  style=\"display:none\" >\n     \t    \t[ws_title_with_subtitle title=&#8221;KARRIERE&#8221; subtitle=&#8221;Jetzt in die Zukunft starten&#8221; margin_bottom=&#8221;24&#8243;][vc_row_inner][vc_column_inner width=&#8221;1\/2&#8243;][vc_column_text]Become part of the Henne family and start your future together with our professional team! Whether full-time, part-time, <a href=\"https:\/\/www.henne-unimog.de\/ausbildungsangebote\/\">in training<\/a> or during an <a href=\"https:\/\/www.henne-unimog.de\/praktikum\/\">internship<\/a> \u2013 we actively support you and offer you a lot of space for your personal development in addition to a modern workplace.[\/vc_column_text][\/vc_column_inner][vc_column_inner width=&#8221;1\/2&#8243;][vc_column_text]In all our companies, we are always looking for open, motivated people who want to work with us to shape their own and the future of the company. For you, the right position is not available? Apply anyway, maybe you know much better than we do that we need you in the future![\/vc_column_text][\/vc_column_inner][\/vc_row_inner][ws_button button_text=&#8221;STELLENANGEBOTE&#8221; button_link=&#8221;https:\/\/www.henne-unimog.de\/stellenangebote\/&#8221;]     \t    <\/div>\n\n                    <\/div>\n\n        <\/div>\n\n        [ws_move_top margin_top=&#8221;0&#8243; margin_bottom=&#8221;0&#8243;][\/vc_column][\/vc_row][vc_row full_width=&#8221;stretch_row&#8221; parallax=&#8221;content-moving&#8221; parallax_image=&#8221;89&#8243; parallax_speed_bg=&#8221;2&#8243; el_class=&#8221;dark-block&#8221; css=&#8221;.vc_custom_1534797724699{margin-bottom: 0px !important;}&#8221;][vc_column][ws_standort_finder st_finder_title=&#8221;STANDORT-FINDER&#8221; st_finder_subtitle=&#8221;So finden Sie schnell und einfach Ihren pers\u00f6nlichen Ansprechpartner!&#8221; rightblock_title=&#8221;WIR SIND F\u00dcR SIE DA!&#8221; rightblock_text=&#8221;Egal ob Sie einen Kontakt aus den Fachbereichen Verkauf, Vermietung oder Service suchen oder einen Ansprechpartner aus Gesch\u00e4ftsleitung, Personalabteilung, Qualit\u00e4tsmanagement oder dem Marketing-Team ben\u00f6tigen \u2013 hier gelangen Sie schnell und unkompliziert zum Ziel.&#8221; rightblock_menu=&#8221;MEHR INFORMATIONEN ZU:&#8221; margin=&#8221;28px 0 45px&#8221;][\/vc_column][\/vc_row][vc_row css=&#8221;.vc_custom_1537035081919{margin-bottom: 0px !important;}&#8221;][vc_column][ws_move_top margin_top=&#8221;0&#8243; margin_bottom=&#8221;0&#8243;][\/vc_column][\/vc_row][vc_row css=&#8221;.vc_custom_1534792223024{margin-bottom: 10px !important;}&#8221;][vc_column][ws_section_title title=&#8221;BUSINESS UNITS&#8221; subtitle=&#8221;Alles aus einer Hand&#8221;][ws_geschaftsbereiche margin_top=&#8221;40px&#8221; margin_bottom=&#8221;0&#8243; ids=&#8221;31,69,70,71,72,73&#8243;][\/vc_column][\/vc_row][vc_row][vc_column][ws_move_top bottom_border=&#8221;true&#8221; margin_top=&#8221;15px&#8221; margin_bottom=&#8221;6px&#8221;][\/vc_column][\/vc_row][vc_row css=&#8221;.vc_custom_1534799683415{margin-bottom: 30px !important;}&#8221;][vc_column][ws_section_title title=&#8221;HENNE NEWS&#8221; subtitle=&#8221;Neuigkeiten, Veranstaltungen &amp; Geschichten&#8221;][vc_column_text]This is the world of Henne \u2013 with news about the company and our products, important information about upcoming trade fairs and events as well as exciting stories about customer projects and the daily work at Henne Nutzfahrzeuge. If you have any questions or need more information, please contact us![\/vc_column_text][ws_carousel margin_top=&#8221;40px&#8221; margin_bottom=&#8221;40px&#8221;][vc_column_text]<\/p>\n<p style=\"text-align: center;\"><a class=\"red-button\" href=\"https:\/\/www.henne-unimog.de\/news\/\" rel=\"noopener noreferrer\">All news<\/a><\/p>\n<p>[\/vc_column_text][ws_move_top bottom_border=&#8221;true&#8221; margin_top=&#8221;40px&#8221;][\/vc_column][\/vc_row][vc_row][vc_column][ws_partners margin_top=&#8221;15px&#8221; margin_bottom=&#8221;15px&#8221;][\/vc_column][\/vc_row]<\/p>\n<\/div>","protected":false},"excerpt":{"rendered":"<p>[vc_row full_width=&#8221;stretch_row&#8221; el_class=&#8221;home-tabs&#8221;][vc_column][ws_move_top margin_top=&#8221;0&#8243; margin_bottom=&#8221;0&#8243;][\/vc_column][\/vc_row][vc_row full_width=&#8221;stretch_row&#8221; parallax=&#8221;content-moving&#8221; parallax_image=&#8221;89&#8243; parallax_speed_bg=&#8221;2&#8243; el_class=&#8221;dark-block&#8221; css=&#8221;.vc_custom_1534797724699{margin-bottom: 0px !important;}&#8221;][vc_column][ws_standort_finder st_finder_title=&#8221;STANDORT-FINDER&#8221; st_finder_subtitle=&#8221;So finden Sie schnell und einfach Ihren pers\u00f6nlichen Ansprechpartner!&#8221; rightblock_title=&#8221;WIR SIND F\u00dcR SIE DA!&#8221; rightblock_text=&#8221;Egal ob Sie einen Kontakt aus den Fachbereichen Verkauf, Vermietung oder Service suchen oder einen Ansprechpartner aus Gesch\u00e4ftsleitung, Personalabteilung, Qualit\u00e4tsmanagement oder dem Marketing-Team ben\u00f6tigen \u2013 hier gelangen [&hellip;]<\/p>\n","protected":false},"author":6,"featured_media":0,"parent":0,"menu_order":0,"comment_status":"closed","ping_status":"closed","template":"home-page.php","meta":{"_acf_changed":false,"footnotes":""},"class_list":["post-3444","page","type-page","status-publish","hentry"],"acf":[],"_links":{"self":[{"href":"https:\/\/www.henne-unimog.de\/en\/wp-json\/wp\/v2\/pages\/3444","targetHints":{"allow":["GET"]}}],"collection":[{"href":"https:\/\/www.henne-unimog.de\/en\/wp-json\/wp\/v2\/pages"}],"about":[{"href":"https:\/\/www.henne-unimog.de\/en\/wp-json\/wp\/v2\/types\/page"}],"author":[{"embeddable":true,"href":"https:\/\/www.henne-unimog.de\/en\/wp-json\/wp\/v2\/users\/6"}],"replies":[{"embeddable":true,"href":"https:\/\/www.henne-unimog.de\/en\/wp-json\/wp\/v2\/comments?post=3444"}],"version-history":[{"count":0,"href":"https:\/\/www.henne-unimog.de\/en\/wp-json\/wp\/v2\/pages\/3444\/revisions"}],"wp:attachment":[{"href":"https:\/\/www.henne-unimog.de\/en\/wp-json\/wp\/v2\/media?parent=3444"}],"curies":[{"name":"wp","href":"https:\/\/api.w.org\/{rel}","templated":true}]}}